{"id":83,"date":"2022-08-02T21:10:00","date_gmt":"2022-08-02T19:10:00","guid":{"rendered":"https:\/\/osteotherapeute-demaria.com\/?page_id=83"},"modified":"2022-08-17T19:39:46","modified_gmt":"2022-08-17T17:39:46","slug":"kinesiologue","status":"publish","type":"page","link":"https:\/\/osteotherapeute-demaria.com\/index.php\/kinesiologue\/","title":{"rendered":"Kin\u00e9siologie"},"content":{"rendered":"\n<hr class=\"wp-block-separator has-alpha-channel-opacity\"\/>\n\n\n\n<p>La kin\u00e9siologie c\u2019est l\u2019\u00e9quilibre entre le physique, mental et psycho-\u00e9motionnel.<\/p>\n\n\n\n<p>La kin\u00e9siologie est accessible \u00e0 tout le monde et \u00e0 tout \u00e2ge. Elle peut traiter les probl\u00e8mes physiques comme les douleurs ou les maladies.<\/p>\n\n\n\n<p>Mais aussi les probl\u00e8me psycho \u00e9motionnels, comme le stress, les peurs, les angoisses, les probl\u00e8mes de sommeil ou d\u2019alimentation.<\/p>\n\n\n\n<p>Elle peut aussi aider \u00e0 traiter les probl\u00e8mes moins cybl\u00e9s, comme la confiance en soi, la gestion du stress, nos relations avec les autres etc\u2026<\/p>\n\n\n\n<p>Elle aide \u00e0 comprendre la cause de notre mal \u00eatre et \u00e0 trouver des solutions pour y rem\u00e9dier.<\/p>\n\n\n\n<p>Apr\u00e8s une seule s\u00e9ance se sentir d\u00e9j\u00e0 plus \u00e9nerg\u00e9tiques concentr\u00e9es et motiv\u00e9es.<\/p>\n\n\n\n<p>Voil\u00e0 quelques bienfaits que peut apporter la kin\u00e9siologie&nbsp;:<\/p>\n\n\n\n<ul class=\"wp-block-list\"><li>\u00c9quilibrer les hormones<\/li><li>Am\u00e9liorer la sant\u00e9 intestinale<\/li><li>Am\u00e9liorer le bien-\u00eatre mental<\/li><li>G\u00e9rer le stress<\/li><li>Retrouver \u00e9quilibre et harmonie<\/li><li>Augmenter l\u2019\u00e9nergie et la vitalit\u00e9<\/li><li>Retrouver l\u2019autonomie et la motivation<\/li><li>D\u00e9veloppement personnel et atteinte d\u2019objectifs<\/li><li>Etc\u2026<\/li><\/ul>\n\n\n\n<p>Notre corps est un v\u00e9ritable ordinateur qui regorge de programmes et informations en tout genre, alors peu importe votre probl\u00e8me, il se pourrait bien que la kin\u00e9siologie vous ouvre certaines portes.<\/p>\n","protected":false},"excerpt":{"rendered":"<p>La kin\u00e9siologie c\u2019est l\u2019\u00e9quilibre entre le physique, mental et psycho-\u00e9motionnel. La kin\u00e9siologie est accessible \u00e0 tout le monde et \u00e0 tout \u00e2ge. Elle peut traiter les probl\u00e8mes physiques comme les douleurs ou les maladies. Mais aussi les probl\u00e8me psycho \u00e9motionnels, comme le stress, les peurs, les angoisses, les probl\u00e8mes de sommeil ou d\u2019alimentation. Elle peut&hellip;&nbsp;<a href=\"https:\/\/osteotherapeute-demaria.com\/index.php\/kinesiologue\/\" rel=\"bookmark\">Lire la suite &raquo;<span class=\"screen-reader-text\">Kin\u00e9siologie<\/span><\/a><\/p>\n","protected":false},"author":1,"featured_media":0,"parent":0,"menu_order":0,"comment_status":"closed","ping_status":"closed","template":"","meta":{"neve_meta_sidebar":"","neve_meta_container":"","neve_meta_enable_content_width":"","neve_meta_content_width":0,"neve_meta_title_alignment":"center","neve_meta_author_avatar":"","neve_post_elements_order":"","neve_meta_disable_header":"","neve_meta_disable_footer":"","neve_meta_disable_title":"","footnotes":""},"class_list":["post-83","page","type-page","status-publish","hentry"],"jetpack_sharing_enabled":true,"_links":{"self":[{"href":"https:\/\/osteotherapeute-demaria.com\/index.php\/wp-json\/wp\/v2\/pages\/83","targetHints":{"allow":["GET"]}}],"collection":[{"href":"https:\/\/osteotherapeute-demaria.com\/index.php\/wp-json\/wp\/v2\/pages"}],"about":[{"href":"https:\/\/osteotherapeute-demaria.com\/index.php\/wp-json\/wp\/v2\/types\/page"}],"author":[{"embeddable":true,"href":"https:\/\/osteotherapeute-demaria.com\/index.php\/wp-json\/wp\/v2\/users\/1"}],"replies":[{"embeddable":true,"href":"https:\/\/osteotherapeute-demaria.com\/index.php\/wp-json\/wp\/v2\/comments?post=83"}],"version-history":[{"count":4,"href":"https:\/\/osteotherapeute-demaria.com\/index.php\/wp-json\/wp\/v2\/pages\/83\/revisions"}],"predecessor-version":[{"id":247,"href":"https:\/\/osteotherapeute-demaria.com\/index.php\/wp-json\/wp\/v2\/pages\/83\/revisions\/247"}],"wp:attachment":[{"href":"https:\/\/osteotherapeute-demaria.com\/index.php\/wp-json\/wp\/v2\/media?parent=83"}],"curies":[{"name":"wp","href":"https:\/\/api.w.org\/{rel}","templated":true}]}}