{"id":39,"date":"2022-08-02T20:46:43","date_gmt":"2022-08-02T18:46:43","guid":{"rendered":"https:\/\/osteotherapeute-demaria.com\/?page_id=39"},"modified":"2025-09-21T08:52:44","modified_gmt":"2025-09-21T06:52:44","slug":"portofolio","status":"publish","type":"page","link":"https:\/\/osteotherapeute-demaria.com\/index.php\/portofolio\/","title":{"rendered":"Pr\u00e9sentation"},"content":{"rendered":"\n<div style=\"height:50px\" aria-hidden=\"true\" class=\"wp-block-spacer\"><\/div>\n\n\n\n<h2 class=\"wp-block-heading has-text-align-center\"><em>Votre Ost\u00e9o aux Pennes-Mirabeau<\/em><\/h2>\n\n\n\n<div style=\"height:25px\" aria-hidden=\"true\" class=\"wp-block-spacer\"><\/div>\n\n\n\n<div class=\"wp-block-columns is-layout-flex wp-container-core-columns-is-layout-9d6595d7 wp-block-columns-is-layout-flex\">\n<div class=\"wp-block-column is-layout-flow wp-block-column-is-layout-flow\">\n<div class=\"wp-block-buttons is-layout-flex wp-block-buttons-is-layout-flex\">\n<div class=\"wp-block-button has-custom-width wp-block-button__width-100 is-style-primary\"><a class=\"wp-block-button__link has-medium-font-size has-custom-font-size wp-element-button\" href=\"https:\/\/osteotherapeute-demaria.com\/index.php\/2022\/08\/02\/losteopathie\/\" style=\"border-radius:15px\">L\u2019osteotherapie<\/a><\/div>\n<\/div>\n<\/div>\n\n\n\n<div class=\"wp-block-column is-layout-flow wp-block-column-is-layout-flow\">\n<div class=\"wp-block-buttons is-layout-flex wp-block-buttons-is-layout-flex\">\n<div class=\"wp-block-button has-custom-width wp-block-button__width-100 is-style-primary\"><a class=\"wp-block-button__link has-medium-font-size has-custom-font-size wp-element-button\" href=\"https:\/\/osteotherapeute-demaria.com\/index.php\/kinesiologue\/\" style=\"border-radius:15px\">La Kin\u00e9siologie<\/a><\/div>\n<\/div>\n<\/div>\n\n\n\n<div class=\"wp-block-column is-layout-flow wp-block-column-is-layout-flow\">\n<div class=\"wp-block-buttons is-layout-flex wp-block-buttons-is-layout-flex\">\n<div class=\"wp-block-button has-custom-width wp-block-button__width-100 is-style-primary\"><a class=\"wp-block-button__link has-medium-font-size has-custom-font-size wp-element-button\" href=\"https:\/\/osteotherapeute-demaria.com\/index.php\/magnetiseur\/\" style=\"border-radius:15px\" target=\"_blank\" rel=\"noreferrer noopener\">Magn\u00e9tiseur<\/a><\/div>\n<\/div>\n<\/div>\n\n\n\n<div class=\"wp-block-column is-layout-flow wp-block-column-is-layout-flow\">\n<div class=\"wp-block-buttons is-layout-flex wp-block-buttons-is-layout-flex\">\n<div class=\"wp-block-button has-custom-width wp-block-button__width-100 is-style-primary\"><a class=\"wp-block-button__link has-medium-font-size has-custom-font-size wp-element-button\" href=\"https:\/\/osteotherapeute-demaria.com\/index.php\/medecine-chinoise\/\" style=\"border-radius:15px\" target=\"_blank\" rel=\"noreferrer noopener\">M\u00e9decine chinoise<\/a><\/div>\n<\/div>\n<\/div>\n<\/div>\n\n\n\n<div style=\"height:25px\" aria-hidden=\"true\" class=\"wp-block-spacer\"><\/div>\n\n\n\n<div class=\"wp-block-jetpack-tiled-gallery aligncenter is-style-rectangular\"><div class=\"has-rounded-corners-20\"><div class=\"tiled-gallery__gallery\"><div class=\"tiled-gallery__row\"><div class=\"tiled-gallery__col\" style=\"flex-basis:25.00000%\"><figure class=\"tiled-gallery__item\"><img decoding=\"async\" srcset=\"https:\/\/i0.wp.com\/osteotherapeute-demaria.com\/wp-content\/uploads\/2022\/08\/WhatsApp-Image-2022-08-21-at-11.11.14-768x1024.jpeg?strip=info&#038;w=600&#038;ssl=1 600w,https:\/\/i0.wp.com\/osteotherapeute-demaria.com\/wp-content\/uploads\/2022\/08\/WhatsApp-Image-2022-08-21-at-11.11.14-768x1024.jpeg?strip=info&#038;w=900&#038;ssl=1 900w,https:\/\/i0.wp.com\/osteotherapeute-demaria.com\/wp-content\/uploads\/2022\/08\/WhatsApp-Image-2022-08-21-at-11.11.14-768x1024.jpeg?strip=info&#038;w=1200&#038;ssl=1 1200w\" alt=\"\" data-height=\"1600\" data-id=\"257\" data-link=\"https:\/\/osteotherapeute-demaria.com\/index.php\/portofolio\/whatsapp-image-2022-08-21-at-11-11-14\/\" data-url=\"https:\/\/osteotherapeute-demaria.com\/wp-content\/uploads\/2022\/08\/WhatsApp-Image-2022-08-21-at-11.11.14-768x1024.jpeg\" data-width=\"1200\" src=\"https:\/\/i0.wp.com\/osteotherapeute-demaria.com\/wp-content\/uploads\/2022\/08\/WhatsApp-Image-2022-08-21-at-11.11.14-768x1024.jpeg?ssl=1\" data-amp-layout=\"responsive\"\/><\/figure><\/div><div class=\"tiled-gallery__col\" style=\"flex-basis:25.00000%\"><figure class=\"tiled-gallery__item\"><img decoding=\"async\" srcset=\"https:\/\/i0.wp.com\/osteotherapeute-demaria.com\/wp-content\/uploads\/2022\/08\/WhatsApp-Image-2022-08-21-at-11.11.15-1-768x1024.jpeg?strip=info&#038;w=600&#038;ssl=1 600w,https:\/\/i0.wp.com\/osteotherapeute-demaria.com\/wp-content\/uploads\/2022\/08\/WhatsApp-Image-2022-08-21-at-11.11.15-1-768x1024.jpeg?strip=info&#038;w=900&#038;ssl=1 900w,https:\/\/i0.wp.com\/osteotherapeute-demaria.com\/wp-content\/uploads\/2022\/08\/WhatsApp-Image-2022-08-21-at-11.11.15-1-768x1024.jpeg?strip=info&#038;w=1200&#038;ssl=1 1200w\" alt=\"\" data-height=\"1600\" data-id=\"258\" data-link=\"https:\/\/osteotherapeute-demaria.com\/index.php\/portofolio\/whatsapp-image-2022-08-21-at-11-11-15-1\/\" data-url=\"https:\/\/osteotherapeute-demaria.com\/wp-content\/uploads\/2022\/08\/WhatsApp-Image-2022-08-21-at-11.11.15-1-768x1024.jpeg\" data-width=\"1200\" src=\"https:\/\/i0.wp.com\/osteotherapeute-demaria.com\/wp-content\/uploads\/2022\/08\/WhatsApp-Image-2022-08-21-at-11.11.15-1-768x1024.jpeg?ssl=1\" data-amp-layout=\"responsive\"\/><\/figure><\/div><div class=\"tiled-gallery__col\" style=\"flex-basis:25.00000%\"><figure class=\"tiled-gallery__item\"><img decoding=\"async\" srcset=\"https:\/\/i0.wp.com\/osteotherapeute-demaria.com\/wp-content\/uploads\/2022\/08\/WhatsApp-Image-2022-08-21-at-11.11.15-768x1024.jpeg?strip=info&#038;w=600&#038;ssl=1 600w,https:\/\/i0.wp.com\/osteotherapeute-demaria.com\/wp-content\/uploads\/2022\/08\/WhatsApp-Image-2022-08-21-at-11.11.15-768x1024.jpeg?strip=info&#038;w=900&#038;ssl=1 900w,https:\/\/i0.wp.com\/osteotherapeute-demaria.com\/wp-content\/uploads\/2022\/08\/WhatsApp-Image-2022-08-21-at-11.11.15-768x1024.jpeg?strip=info&#038;w=1200&#038;ssl=1 1200w\" alt=\"\" data-height=\"1600\" data-id=\"259\" data-link=\"https:\/\/osteotherapeute-demaria.com\/index.php\/portofolio\/whatsapp-image-2022-08-21-at-11-11-15\/\" data-url=\"https:\/\/osteotherapeute-demaria.com\/wp-content\/uploads\/2022\/08\/WhatsApp-Image-2022-08-21-at-11.11.15-768x1024.jpeg\" data-width=\"1200\" src=\"https:\/\/i0.wp.com\/osteotherapeute-demaria.com\/wp-content\/uploads\/2022\/08\/WhatsApp-Image-2022-08-21-at-11.11.15-768x1024.jpeg?ssl=1\" data-amp-layout=\"responsive\"\/><\/figure><\/div><div class=\"tiled-gallery__col\" style=\"flex-basis:25.00000%\"><figure class=\"tiled-gallery__item\"><img decoding=\"async\" srcset=\"https:\/\/i0.wp.com\/osteotherapeute-demaria.com\/wp-content\/uploads\/2022\/08\/WhatsApp-Image-2022-08-21-at-11.11.16-768x1024.jpeg?strip=info&#038;w=600&#038;ssl=1 600w,https:\/\/i0.wp.com\/osteotherapeute-demaria.com\/wp-content\/uploads\/2022\/08\/WhatsApp-Image-2022-08-21-at-11.11.16-768x1024.jpeg?strip=info&#038;w=900&#038;ssl=1 900w,https:\/\/i0.wp.com\/osteotherapeute-demaria.com\/wp-content\/uploads\/2022\/08\/WhatsApp-Image-2022-08-21-at-11.11.16-768x1024.jpeg?strip=info&#038;w=1200&#038;ssl=1 1200w\" alt=\"\" data-height=\"1600\" data-id=\"260\" data-link=\"https:\/\/osteotherapeute-demaria.com\/index.php\/portofolio\/whatsapp-image-2022-08-21-at-11-11-16\/\" data-url=\"https:\/\/osteotherapeute-demaria.com\/wp-content\/uploads\/2022\/08\/WhatsApp-Image-2022-08-21-at-11.11.16-768x1024.jpeg\" data-width=\"1200\" src=\"https:\/\/i0.wp.com\/osteotherapeute-demaria.com\/wp-content\/uploads\/2022\/08\/WhatsApp-Image-2022-08-21-at-11.11.16-768x1024.jpeg?ssl=1\" data-amp-layout=\"responsive\"\/><\/figure><\/div><\/div><div class=\"tiled-gallery__row\"><div class=\"tiled-gallery__col\" style=\"flex-basis:50.00000%\"><figure class=\"tiled-gallery__item\"><img decoding=\"async\" srcset=\"https:\/\/i0.wp.com\/osteotherapeute-demaria.com\/wp-content\/uploads\/2022\/08\/WhatsApp-Image-2022-08-21-at-11.11.17-1-768x1024.jpeg?strip=info&#038;w=600&#038;ssl=1 600w,https:\/\/i0.wp.com\/osteotherapeute-demaria.com\/wp-content\/uploads\/2022\/08\/WhatsApp-Image-2022-08-21-at-11.11.17-1-768x1024.jpeg?strip=info&#038;w=900&#038;ssl=1 900w,https:\/\/i0.wp.com\/osteotherapeute-demaria.com\/wp-content\/uploads\/2022\/08\/WhatsApp-Image-2022-08-21-at-11.11.17-1-768x1024.jpeg?strip=info&#038;w=1200&#038;ssl=1 1200w\" alt=\"\" data-height=\"1600\" data-id=\"261\" data-link=\"https:\/\/osteotherapeute-demaria.com\/index.php\/portofolio\/whatsapp-image-2022-08-21-at-11-11-17-1\/\" data-url=\"https:\/\/osteotherapeute-demaria.com\/wp-content\/uploads\/2022\/08\/WhatsApp-Image-2022-08-21-at-11.11.17-1-768x1024.jpeg\" data-width=\"1200\" src=\"https:\/\/i0.wp.com\/osteotherapeute-demaria.com\/wp-content\/uploads\/2022\/08\/WhatsApp-Image-2022-08-21-at-11.11.17-1-768x1024.jpeg?ssl=1\" data-amp-layout=\"responsive\"\/><\/figure><\/div><div class=\"tiled-gallery__col\" style=\"flex-basis:50.00000%\"><figure class=\"tiled-gallery__item\"><img decoding=\"async\" srcset=\"https:\/\/i0.wp.com\/osteotherapeute-demaria.com\/wp-content\/uploads\/2022\/08\/WhatsApp-Image-2022-08-21-at-11.11.17-768x1024.jpeg?strip=info&#038;w=600&#038;ssl=1 600w,https:\/\/i0.wp.com\/osteotherapeute-demaria.com\/wp-content\/uploads\/2022\/08\/WhatsApp-Image-2022-08-21-at-11.11.17-768x1024.jpeg?strip=info&#038;w=900&#038;ssl=1 900w,https:\/\/i0.wp.com\/osteotherapeute-demaria.com\/wp-content\/uploads\/2022\/08\/WhatsApp-Image-2022-08-21-at-11.11.17-768x1024.jpeg?strip=info&#038;w=1200&#038;ssl=1 1200w\" alt=\"\" data-height=\"1600\" data-id=\"262\" data-link=\"https:\/\/osteotherapeute-demaria.com\/index.php\/portofolio\/whatsapp-image-2022-08-21-at-11-11-17\/\" data-url=\"https:\/\/osteotherapeute-demaria.com\/wp-content\/uploads\/2022\/08\/WhatsApp-Image-2022-08-21-at-11.11.17-768x1024.jpeg\" data-width=\"1200\" src=\"https:\/\/i0.wp.com\/osteotherapeute-demaria.com\/wp-content\/uploads\/2022\/08\/WhatsApp-Image-2022-08-21-at-11.11.17-768x1024.jpeg?ssl=1\" data-amp-layout=\"responsive\"\/><\/figure><\/div><\/div><\/div><\/div><\/div>\n\n\n\n<div style=\"height:25px\" aria-hidden=\"true\" class=\"wp-block-spacer\"><\/div>\n\n\n\n<div class=\"wp-block-cover alignfull is-light\" style=\"min-height:186px;aspect-ratio:unset;\"><span aria-hidden=\"true\" class=\"wp-block-cover__background has-background-dim-100 has-background-dim has-background-gradient\" style=\"background:linear-gradient(135deg,rgb(122,220,180) 0%,rgba(0,209,132,0.06) 100%)\"><\/span><div class=\"wp-block-cover__inner-container is-layout-flow wp-block-cover-is-layout-flow\">\n<h2 class=\"wp-block-heading has-text-align-center has-large-font-size\">A quoi ressemble une visite ?<\/h2>\n<\/div><\/div>\n\n\n\n<div style=\"height:25px\" aria-hidden=\"true\" class=\"wp-block-spacer\"><\/div>\n\n\n\n<h2 class=\"wp-block-heading has-text-align-center has-large-font-size\">Identifier la douleur<\/h2>\n\n\n\n<div style=\"height:10px\" aria-hidden=\"true\" class=\"wp-block-spacer\"><\/div>\n\n\n\n<div class=\"wp-block-columns is-layout-flex wp-container-core-columns-is-layout-9d6595d7 wp-block-columns-is-layout-flex\">\n<div class=\"wp-block-column is-layout-flow wp-block-column-is-layout-flow\">\n<div style=\"height:10px\" aria-hidden=\"true\" class=\"wp-block-spacer\"><\/div>\n\n\n\n<h2 class=\"wp-block-heading has-text-align-center has-medium-font-size\"><strong>Syst\u00e8me musculo-squelettique<\/strong><\/h2>\n\n\n\n<p class=\"has-text-align-center\">Lumbago&nbsp;<br>Tendinite<br><strong>Lombalgie\/Dorsalgie&nbsp;<\/strong><br>Sciatalgie&nbsp;<br><strong>N\u00e9vralgieFibromyalgies<\/strong><br>Canal carpien<br><strong>Cervicalgie<\/strong><br>Coup du Lapin,Torticolis&nbsp;<br><strong>Douleurs<\/strong>\/g\u00eanes dans les membres&nbsp;<br>sup\u00e9rieurs et inferieurs<\/p>\n<\/div>\n\n\n\n<div class=\"wp-block-column has-background is-layout-flow wp-block-column-is-layout-flow\" style=\"border-radius:15px;background:linear-gradient(135deg,rgb(122,220,180) 0%,rgba(0,209,132,0.36) 92%)\">\n<div style=\"height:10px\" aria-hidden=\"true\" class=\"wp-block-spacer\"><\/div>\n\n\n\n<h2 class=\"wp-block-heading has-text-align-center has-medium-font-size\"><strong>Syst\u00e8me visc\u00e9ral<\/strong><\/h2>\n\n\n\n<p class=\"has-text-align-center\">Reflux<br>hernie hiatale&nbsp;<br>Ballonnements&nbsp;<br>Constipation\/diarrh\u00e9es&nbsp;<br>Trouble de la d\u00e9glutition&nbsp;<br>G\u00eanes \u00e0 la respiration&nbsp;<br>Cycle douloureux&nbsp;<br>Incontinence<\/p>\n<\/div>\n\n\n\n<div class=\"wp-block-column is-layout-flow wp-block-column-is-layout-flow\">\n<div style=\"height:10px\" aria-hidden=\"true\" class=\"wp-block-spacer\"><\/div>\n\n\n\n<h2 class=\"wp-block-heading has-text-align-center has-medium-font-size\"><strong>Syst\u00e8me Cr\u00e2nien et Neurov\u00e9g\u00e9tatif<\/strong><\/h2>\n\n\n\n<p class=\"has-text-align-center\">Maux de t\u00eate<br>Migraines&nbsp;<br>Vertiges&nbsp;<br>Acouph\u00e8nes&nbsp;<br>Troubles ORL&nbsp;<br>Sinusites chroniques&nbsp;<br>Stress&nbsp;<br>Troubles du sommeil<\/p>\n<\/div>\n<\/div>\n\n\n\n<div style=\"height:50px\" aria-hidden=\"true\" class=\"wp-block-spacer\"><\/div>\n\n\n\n<h2 class=\"wp-block-heading has-text-align-center\">A qui cela s&rsquo;adresse t-il ?<\/h2>\n\n\n\n<div class=\"wp-block-columns is-layout-flex wp-container-core-columns-is-layout-9d6595d7 wp-block-columns-is-layout-flex\">\n<div class=\"wp-block-column is-vertically-aligned-center has-background is-layout-flow wp-block-column-is-layout-flow\" style=\"border-radius:15px;background:linear-gradient(135deg,rgb(122,220,180) 0%,rgba(0,209,132,0.49) 100%)\">\n<div style=\"height:10px\" aria-hidden=\"true\" class=\"wp-block-spacer\"><\/div>\n\n\n<div class=\"wp-block-image\">\n<figure class=\"aligncenter size-full is-resized\"><img data-recalc-dims=\"1\" loading=\"lazy\" decoding=\"async\" width=\"512\" height=\"512\" src=\"https:\/\/i0.wp.com\/osteotherapeute-demaria.com\/wp-content\/uploads\/2022\/08\/man.png?resize=512%2C512\" alt=\"\" class=\"wp-image-124\" style=\"width:128px;height:128px\" srcset=\"https:\/\/i0.wp.com\/osteotherapeute-demaria.com\/wp-content\/uploads\/2022\/08\/man.png?w=512&amp;ssl=1 512w, https:\/\/i0.wp.com\/osteotherapeute-demaria.com\/wp-content\/uploads\/2022\/08\/man.png?resize=300%2C300&amp;ssl=1 300w, https:\/\/i0.wp.com\/osteotherapeute-demaria.com\/wp-content\/uploads\/2022\/08\/man.png?resize=150%2C150&amp;ssl=1 150w\" sizes=\"auto, (max-width: 512px) 100vw, 512px\" \/><\/figure>\n<\/div>\n\n\n<h2 class=\"wp-block-heading has-text-align-center\">Adultes<\/h2>\n<\/div>\n\n\n\n<div class=\"wp-block-column is-layout-flow wp-block-column-is-layout-flow\">\n<div style=\"height:10px\" aria-hidden=\"true\" class=\"wp-block-spacer\"><\/div>\n\n\n<div class=\"wp-block-image\">\n<figure class=\"aligncenter size-full is-resized\"><img data-recalc-dims=\"1\" loading=\"lazy\" decoding=\"async\" width=\"512\" height=\"512\" src=\"https:\/\/i0.wp.com\/osteotherapeute-demaria.com\/wp-content\/uploads\/2022\/08\/Sports-Football-icon.png?resize=512%2C512&#038;ssl=1\" alt=\"\" class=\"wp-image-130\" style=\"width:128px;height:128px\" srcset=\"https:\/\/i0.wp.com\/osteotherapeute-demaria.com\/wp-content\/uploads\/2022\/08\/Sports-Football-icon.png?w=512&amp;ssl=1 512w, https:\/\/i0.wp.com\/osteotherapeute-demaria.com\/wp-content\/uploads\/2022\/08\/Sports-Football-icon.png?resize=300%2C300&amp;ssl=1 300w, https:\/\/i0.wp.com\/osteotherapeute-demaria.com\/wp-content\/uploads\/2022\/08\/Sports-Football-icon.png?resize=150%2C150&amp;ssl=1 150w\" sizes=\"auto, (max-width: 512px) 100vw, 512px\" \/><\/figure>\n<\/div>\n\n\n<h2 class=\"wp-block-heading has-text-align-center\">Sportifs<\/h2>\n<\/div>\n\n\n\n<div class=\"wp-block-column has-background is-layout-flow wp-block-column-is-layout-flow\" style=\"border-radius:15px;background:linear-gradient(213deg,rgb(122,220,180) 0%,rgba(0,209,132,0.28) 94%)\">\n<div style=\"height:10px\" aria-hidden=\"true\" class=\"wp-block-spacer\"><\/div>\n\n\n<div class=\"wp-block-image\">\n<figure class=\"aligncenter size-full is-resized\"><img data-recalc-dims=\"1\" loading=\"lazy\" decoding=\"async\" width=\"512\" height=\"512\" src=\"https:\/\/i0.wp.com\/osteotherapeute-demaria.com\/wp-content\/uploads\/2022\/08\/3001117.png?resize=512%2C512&#038;ssl=1\" alt=\"\" class=\"wp-image-134\" style=\"width:128px;height:128px\" srcset=\"https:\/\/i0.wp.com\/osteotherapeute-demaria.com\/wp-content\/uploads\/2022\/08\/3001117.png?w=512&amp;ssl=1 512w, https:\/\/i0.wp.com\/osteotherapeute-demaria.com\/wp-content\/uploads\/2022\/08\/3001117.png?resize=300%2C300&amp;ssl=1 300w, https:\/\/i0.wp.com\/osteotherapeute-demaria.com\/wp-content\/uploads\/2022\/08\/3001117.png?resize=150%2C150&amp;ssl=1 150w\" sizes=\"auto, (max-width: 512px) 100vw, 512px\" \/><\/figure>\n<\/div>\n\n\n<h2 class=\"wp-block-heading has-text-align-center\">S\u00e9niors<\/h2>\n<\/div>\n<\/div>\n\n\n\n<div style=\"height:50px\" aria-hidden=\"true\" class=\"wp-block-spacer\"><\/div>\n\n\n\n<div class=\"wp-block-columns is-layout-flex wp-container-core-columns-is-layout-9d6595d7 wp-block-columns-is-layout-flex\">\n<div class=\"wp-block-column is-vertically-aligned-center has-background is-layout-flow wp-block-column-is-layout-flow\" style=\"background-color:#00000000\">\n<div style=\"height:10px\" aria-hidden=\"true\" class=\"wp-block-spacer\"><\/div>\n\n\n<div class=\"wp-block-image\">\n<figure class=\"aligncenter size-full is-resized\"><img data-recalc-dims=\"1\" loading=\"lazy\" decoding=\"async\" width=\"512\" height=\"512\" src=\"https:\/\/i0.wp.com\/osteotherapeute-demaria.com\/wp-content\/uploads\/2022\/08\/547525.png?resize=512%2C512&#038;ssl=1\" alt=\"\" class=\"wp-image-131\" style=\"width:128px;height:128px\" srcset=\"https:\/\/i0.wp.com\/osteotherapeute-demaria.com\/wp-content\/uploads\/2022\/08\/547525.png?w=512&amp;ssl=1 512w, https:\/\/i0.wp.com\/osteotherapeute-demaria.com\/wp-content\/uploads\/2022\/08\/547525.png?resize=300%2C300&amp;ssl=1 300w, https:\/\/i0.wp.com\/osteotherapeute-demaria.com\/wp-content\/uploads\/2022\/08\/547525.png?resize=150%2C150&amp;ssl=1 150w\" sizes=\"auto, (max-width: 512px) 100vw, 512px\" \/><\/figure>\n<\/div>\n\n\n<h2 class=\"wp-block-heading has-text-align-center\">Enfants<\/h2>\n<\/div>\n\n\n\n<div class=\"wp-block-column has-background is-layout-flow wp-block-column-is-layout-flow\" style=\"border-radius:15px;background:linear-gradient(312deg,rgb(122,220,180) 0%,rgba(0,209,132,0.33) 100%)\">\n<div style=\"height:10px\" aria-hidden=\"true\" class=\"wp-block-spacer\"><\/div>\n\n\n<div class=\"wp-block-image\">\n<figure class=\"aligncenter size-full is-resized\"><img data-recalc-dims=\"1\" loading=\"lazy\" decoding=\"async\" width=\"512\" height=\"512\" src=\"https:\/\/i0.wp.com\/osteotherapeute-demaria.com\/wp-content\/uploads\/2022\/08\/6462220.png?resize=512%2C512&#038;ssl=1\" alt=\"\" class=\"wp-image-132\" style=\"width:128px;height:128px\" srcset=\"https:\/\/i0.wp.com\/osteotherapeute-demaria.com\/wp-content\/uploads\/2022\/08\/6462220.png?w=512&amp;ssl=1 512w, https:\/\/i0.wp.com\/osteotherapeute-demaria.com\/wp-content\/uploads\/2022\/08\/6462220.png?resize=300%2C300&amp;ssl=1 300w, https:\/\/i0.wp.com\/osteotherapeute-demaria.com\/wp-content\/uploads\/2022\/08\/6462220.png?resize=150%2C150&amp;ssl=1 150w\" sizes=\"auto, (max-width: 512px) 100vw, 512px\" \/><\/figure>\n<\/div>\n\n\n<h2 class=\"wp-block-heading has-text-align-center\" style=\"border-radius:15px\">Femmes <br>enceintes<\/h2>\n<\/div>\n<\/div>\n\n\n\n<div style=\"height:100px\" aria-hidden=\"true\" class=\"wp-block-spacer\"><\/div>\n","protected":false},"excerpt":{"rendered":"<p>Votre Ost\u00e9o aux Pennes-Mirabeau Identifier la douleur Syst\u00e8me musculo-squelettique Lumbago&nbsp;TendiniteLombalgie\/Dorsalgie&nbsp;Sciatalgie&nbsp;N\u00e9vralgieFibromyalgiesCanal carpienCervicalgieCoup du Lapin,Torticolis&nbsp;Douleurs\/g\u00eanes dans les membres&nbsp;sup\u00e9rieurs et inferieurs Syst\u00e8me visc\u00e9ral Refluxhernie hiatale&nbsp;Ballonnements&nbsp;Constipation\/diarrh\u00e9es&nbsp;Trouble de la d\u00e9glutition&nbsp;G\u00eanes \u00e0 la respiration&nbsp;Cycle douloureux&nbsp;Incontinence Syst\u00e8me Cr\u00e2nien et Neurov\u00e9g\u00e9tatif Maux de t\u00eateMigraines&nbsp;Vertiges&nbsp;Acouph\u00e8nes&nbsp;Troubles ORL&nbsp;Sinusites chroniques&nbsp;Stress&nbsp;Troubles du sommeil A qui cela s&rsquo;adresse t-il ? Adultes Sportifs S\u00e9niors Enfants Femmes enceintes<\/p>\n","protected":false},"author":1,"featured_media":0,"parent":0,"menu_order":0,"comment_status":"closed","ping_status":"closed","template":"","meta":{"neve_meta_sidebar":"","neve_meta_container":"","neve_meta_enable_content_width":"on","neve_meta_content_width":100,"neve_meta_title_alignment":"","neve_meta_author_avatar":"","neve_post_elements_order":"","neve_meta_disable_header":"","neve_meta_disable_footer":"","neve_meta_disable_title":"on","footnotes":""},"class_list":["post-39","page","type-page","status-publish","hentry"],"jetpack_sharing_enabled":true,"_links":{"self":[{"href":"https:\/\/osteotherapeute-demaria.com\/index.php\/wp-json\/wp\/v2\/pages\/39","targetHints":{"allow":["GET"]}}],"collection":[{"href":"https:\/\/osteotherapeute-demaria.com\/index.php\/wp-json\/wp\/v2\/pages"}],"about":[{"href":"https:\/\/osteotherapeute-demaria.com\/index.php\/wp-json\/wp\/v2\/types\/page"}],"author":[{"embeddable":true,"href":"https:\/\/osteotherapeute-demaria.com\/index.php\/wp-json\/wp\/v2\/users\/1"}],"replies":[{"embeddable":true,"href":"https:\/\/osteotherapeute-demaria.com\/index.php\/wp-json\/wp\/v2\/comments?post=39"}],"version-history":[{"count":22,"href":"https:\/\/osteotherapeute-demaria.com\/index.php\/wp-json\/wp\/v2\/pages\/39\/revisions"}],"predecessor-version":[{"id":416,"href":"https:\/\/osteotherapeute-demaria.com\/index.php\/wp-json\/wp\/v2\/pages\/39\/revisions\/416"}],"wp:attachment":[{"href":"https:\/\/osteotherapeute-demaria.com\/index.php\/wp-json\/wp\/v2\/media?parent=39"}],"curies":[{"name":"wp","href":"https:\/\/api.w.org\/{rel}","templated":true}]}}