{"id":37,"date":"2022-08-02T20:46:43","date_gmt":"2022-08-02T18:46:43","guid":{"rendered":"https:\/\/osteotherapeute-demaria.com\/?page_id=37"},"modified":"2025-09-15T11:51:26","modified_gmt":"2025-09-15T09:51:26","slug":"a-propos","status":"publish","type":"page","link":"https:\/\/osteotherapeute-demaria.com\/index.php\/a-propos\/","title":{"rendered":"Nos locaux"},"content":{"rendered":"\n<hr class=\"wp-block-separator has-alpha-channel-opacity\"\/>\n\n\n\n<div style=\"height:20px\" aria-hidden=\"true\" class=\"wp-block-spacer\"><\/div>\n\n\n\n<div style=\"height:10px\" aria-hidden=\"true\" class=\"wp-block-spacer\"><\/div>\n\n\n\n<div class=\"wp-block-cover\" style=\"min-height:161px;aspect-ratio:unset;\"><span aria-hidden=\"true\" class=\"wp-block-cover__background has-nv-site-bg-background-color has-background-dim-0 has-background-dim\"><\/span><div class=\"wp-block-cover__inner-container is-layout-flow wp-block-cover-is-layout-flow\">\n<div style=\"height:0px\" aria-hidden=\"true\" class=\"wp-block-spacer\"><\/div>\n\n\n\n<div class=\"wp-block-columns is-layout-flex wp-container-core-columns-is-layout-9d6595d7 wp-block-columns-is-layout-flex\">\n<div class=\"wp-block-column ticss-4ce656f1 is-layout-flow wp-block-column-is-layout-flow\">\n<h3 class=\"wp-block-heading has-text-align-center has-neve-text-color-color has-text-color\">Locaux Modernes<\/h3>\n\n\n\n<div style=\"height:20px\" aria-hidden=\"true\" class=\"wp-block-spacer\"><\/div>\n<\/div>\n\n\n\n<div class=\"wp-block-column ticss-f6fc7494 is-layout-flow wp-block-column-is-layout-flow\">\n<h3 class=\"wp-block-heading has-text-align-center has-neve-text-color-color has-text-color\">S\u00e9r\u00e9nit\u00e9 et accompagnement<\/h3>\n\n\n\n<div style=\"height:20px\" aria-hidden=\"true\" class=\"wp-block-spacer\"><\/div>\n<\/div>\n\n\n\n<div class=\"wp-block-column ticss-a5b4df29 is-layout-flow wp-block-column-is-layout-flow\">\n<h3 class=\"wp-block-heading has-text-align-center has-neve-text-color-color has-text-color\">Professionalisme<\/h3>\n\n\n\n<div style=\"height:20px\" aria-hidden=\"true\" class=\"wp-block-spacer\"><\/div>\n<\/div>\n<\/div>\n\n\n\n<h2 class=\"wp-block-heading has-text-align-center has-nv-c-1-color has-text-color has-link-color wp-elements-57156861cb1426c4cd68b6f35309f64e\">Le Mirabeau<br>Centre m\u00e9dical et param\u00e9dical.<\/h2>\n\n\n\n<div style=\"height:0px\" aria-hidden=\"true\" class=\"wp-block-spacer\"><\/div>\n<\/div><\/div>\n\n\n\n<h2 class=\"wp-block-heading has-text-align-center\">Du Lundi  samedi<\/h2>\n\n\n\n<div class=\"wp-block-jetpack-tiled-gallery aligncenter is-style-rectangular\"><div class=\"has-rounded-corners-20\"><div class=\"tiled-gallery__gallery\"><div class=\"tiled-gallery__row\"><div class=\"tiled-gallery__col\" style=\"flex-basis:63.97421%\"><figure class=\"tiled-gallery__item\"><img decoding=\"async\" srcset=\"https:\/\/i0.wp.com\/osteotherapeute-demaria.com\/wp-content\/uploads\/2022\/08\/WhatsApp-Image-2022-08-04-at-09.20.00-1024x768.jpeg?strip=info&#038;w=600 600w,https:\/\/i0.wp.com\/osteotherapeute-demaria.com\/wp-content\/uploads\/2022\/08\/WhatsApp-Image-2022-08-04-at-09.20.00-1024x768.jpeg?strip=info&#038;w=900 900w,https:\/\/i0.wp.com\/osteotherapeute-demaria.com\/wp-content\/uploads\/2022\/08\/WhatsApp-Image-2022-08-04-at-09.20.00-1024x768.jpeg?strip=info&#038;w=1200 1200w,https:\/\/i0.wp.com\/osteotherapeute-demaria.com\/wp-content\/uploads\/2022\/08\/WhatsApp-Image-2022-08-04-at-09.20.00-1024x768.jpeg?strip=info&#038;w=1500 1500w,https:\/\/i0.wp.com\/osteotherapeute-demaria.com\/wp-content\/uploads\/2022\/08\/WhatsApp-Image-2022-08-04-at-09.20.00-1024x768.jpeg?strip=info&#038;w=1600 1600w\" alt=\"\" data-height=\"1200\" data-id=\"190\" data-link=\"https:\/\/osteotherapeute-demaria.com\/index.php\/a-propos\/whatsapp-image-2022-08-04-at-09-20-00\/\" data-url=\"http:\/\/osteotherapeute-demaria.com\/wp-content\/uploads\/2022\/08\/WhatsApp-Image-2022-08-04-at-09.20.00-1024x768.jpeg\" data-width=\"1600\" src=\"https:\/\/i0.wp.com\/osteotherapeute-demaria.com\/wp-content\/uploads\/2022\/08\/WhatsApp-Image-2022-08-04-at-09.20.00-1024x768.jpeg\" data-amp-layout=\"responsive\"\/><\/figure><\/div><div class=\"tiled-gallery__col\" style=\"flex-basis:36.02579%\"><figure class=\"tiled-gallery__item\"><img decoding=\"async\" srcset=\"https:\/\/i0.wp.com\/osteotherapeute-demaria.com\/wp-content\/uploads\/2022\/08\/WhatsApp-Image-2022-08-04-at-09.17.45-768x1024.jpeg?strip=info&#038;w=600 600w,https:\/\/i0.wp.com\/osteotherapeute-demaria.com\/wp-content\/uploads\/2022\/08\/WhatsApp-Image-2022-08-04-at-09.17.45-768x1024.jpeg?strip=info&#038;w=900 900w,https:\/\/i0.wp.com\/osteotherapeute-demaria.com\/wp-content\/uploads\/2022\/08\/WhatsApp-Image-2022-08-04-at-09.17.45-768x1024.jpeg?strip=info&#038;w=1200 1200w\" alt=\"\" data-height=\"1600\" data-id=\"217\" data-link=\"https:\/\/osteotherapeute-demaria.com\/index.php\/a-propos\/whatsapp-image-2022-08-04-at-09-17-45\/\" data-url=\"http:\/\/osteotherapeute-demaria.com\/wp-content\/uploads\/2022\/08\/WhatsApp-Image-2022-08-04-at-09.17.45-768x1024.jpeg\" data-width=\"1200\" src=\"https:\/\/i0.wp.com\/osteotherapeute-demaria.com\/wp-content\/uploads\/2022\/08\/WhatsApp-Image-2022-08-04-at-09.17.45-768x1024.jpeg\" data-amp-layout=\"responsive\"\/><\/figure><\/div><\/div><div class=\"tiled-gallery__row\"><div class=\"tiled-gallery__col\" style=\"flex-basis:33.33333%\"><figure class=\"tiled-gallery__item\"><img decoding=\"async\" srcset=\"https:\/\/i0.wp.com\/osteotherapeute-demaria.com\/wp-content\/uploads\/2022\/08\/WhatsApp-Image-2022-08-04-at-09.17.47-1-768x1024.jpeg?strip=info&#038;w=600 600w,https:\/\/i0.wp.com\/osteotherapeute-demaria.com\/wp-content\/uploads\/2022\/08\/WhatsApp-Image-2022-08-04-at-09.17.47-1-768x1024.jpeg?strip=info&#038;w=900 900w,https:\/\/i0.wp.com\/osteotherapeute-demaria.com\/wp-content\/uploads\/2022\/08\/WhatsApp-Image-2022-08-04-at-09.17.47-1-768x1024.jpeg?strip=info&#038;w=1200 1200w\" alt=\"\" data-height=\"1600\" data-id=\"191\" data-link=\"https:\/\/osteotherapeute-demaria.com\/index.php\/a-propos\/whatsapp-image-2022-08-04-at-09-17-47-1\/\" data-url=\"http:\/\/osteotherapeute-demaria.com\/wp-content\/uploads\/2022\/08\/WhatsApp-Image-2022-08-04-at-09.17.47-1-768x1024.jpeg\" data-width=\"1200\" src=\"https:\/\/i0.wp.com\/osteotherapeute-demaria.com\/wp-content\/uploads\/2022\/08\/WhatsApp-Image-2022-08-04-at-09.17.47-1-768x1024.jpeg\" data-amp-layout=\"responsive\"\/><\/figure><\/div><div class=\"tiled-gallery__col\" style=\"flex-basis:33.33333%\"><figure class=\"tiled-gallery__item\"><img decoding=\"async\" srcset=\"https:\/\/i0.wp.com\/osteotherapeute-demaria.com\/wp-content\/uploads\/2022\/08\/WhatsApp-Image-2022-08-04-at-09.17.47-768x1024.jpeg?strip=info&#038;w=600 600w,https:\/\/i0.wp.com\/osteotherapeute-demaria.com\/wp-content\/uploads\/2022\/08\/WhatsApp-Image-2022-08-04-at-09.17.47-768x1024.jpeg?strip=info&#038;w=900 900w,https:\/\/i0.wp.com\/osteotherapeute-demaria.com\/wp-content\/uploads\/2022\/08\/WhatsApp-Image-2022-08-04-at-09.17.47-768x1024.jpeg?strip=info&#038;w=1200 1200w\" alt=\"\" data-height=\"1600\" data-id=\"193\" data-link=\"https:\/\/osteotherapeute-demaria.com\/index.php\/a-propos\/whatsapp-image-2022-08-04-at-09-17-47\/\" data-url=\"http:\/\/osteotherapeute-demaria.com\/wp-content\/uploads\/2022\/08\/WhatsApp-Image-2022-08-04-at-09.17.47-768x1024.jpeg\" data-width=\"1200\" src=\"https:\/\/i0.wp.com\/osteotherapeute-demaria.com\/wp-content\/uploads\/2022\/08\/WhatsApp-Image-2022-08-04-at-09.17.47-768x1024.jpeg\" data-amp-layout=\"responsive\"\/><\/figure><\/div><div class=\"tiled-gallery__col\" style=\"flex-basis:33.33333%\"><figure class=\"tiled-gallery__item\"><img decoding=\"async\" srcset=\"https:\/\/i0.wp.com\/osteotherapeute-demaria.com\/wp-content\/uploads\/2022\/08\/WhatsApp-Image-2022-08-04-at-09.17.49-2-768x1024.jpeg?strip=info&#038;w=600 600w,https:\/\/i0.wp.com\/osteotherapeute-demaria.com\/wp-content\/uploads\/2022\/08\/WhatsApp-Image-2022-08-04-at-09.17.49-2-768x1024.jpeg?strip=info&#038;w=900 900w,https:\/\/i0.wp.com\/osteotherapeute-demaria.com\/wp-content\/uploads\/2022\/08\/WhatsApp-Image-2022-08-04-at-09.17.49-2-768x1024.jpeg?strip=info&#038;w=1200 1200w\" alt=\"\" data-height=\"1600\" data-id=\"184\" data-link=\"https:\/\/osteotherapeute-demaria.com\/index.php\/a-propos\/whatsapp-image-2022-08-04-at-09-17-49-2\/\" data-url=\"http:\/\/osteotherapeute-demaria.com\/wp-content\/uploads\/2022\/08\/WhatsApp-Image-2022-08-04-at-09.17.49-2-768x1024.jpeg\" data-width=\"1200\" src=\"https:\/\/i0.wp.com\/osteotherapeute-demaria.com\/wp-content\/uploads\/2022\/08\/WhatsApp-Image-2022-08-04-at-09.17.49-2-768x1024.jpeg\" data-amp-layout=\"responsive\"\/><\/figure><\/div><\/div><div class=\"tiled-gallery__row\"><div class=\"tiled-gallery__col\" style=\"flex-basis:63.97421%\"><figure class=\"tiled-gallery__item\"><img decoding=\"async\" srcset=\"https:\/\/i0.wp.com\/osteotherapeute-demaria.com\/wp-content\/uploads\/2022\/08\/WhatsApp-Image-2022-08-04-at-09.17.50-1024x768.jpeg?strip=info&#038;w=600 600w,https:\/\/i0.wp.com\/osteotherapeute-demaria.com\/wp-content\/uploads\/2022\/08\/WhatsApp-Image-2022-08-04-at-09.17.50-1024x768.jpeg?strip=info&#038;w=900 900w,https:\/\/i0.wp.com\/osteotherapeute-demaria.com\/wp-content\/uploads\/2022\/08\/WhatsApp-Image-2022-08-04-at-09.17.50-1024x768.jpeg?strip=info&#038;w=1200 1200w,https:\/\/i0.wp.com\/osteotherapeute-demaria.com\/wp-content\/uploads\/2022\/08\/WhatsApp-Image-2022-08-04-at-09.17.50-1024x768.jpeg?strip=info&#038;w=1500 1500w,https:\/\/i0.wp.com\/osteotherapeute-demaria.com\/wp-content\/uploads\/2022\/08\/WhatsApp-Image-2022-08-04-at-09.17.50-1024x768.jpeg?strip=info&#038;w=1600 1600w\" alt=\"\" data-height=\"1200\" data-id=\"186\" data-link=\"https:\/\/osteotherapeute-demaria.com\/index.php\/a-propos\/whatsapp-image-2022-08-04-at-09-17-50\/\" data-url=\"http:\/\/osteotherapeute-demaria.com\/wp-content\/uploads\/2022\/08\/WhatsApp-Image-2022-08-04-at-09.17.50-1024x768.jpeg\" data-width=\"1600\" src=\"https:\/\/i0.wp.com\/osteotherapeute-demaria.com\/wp-content\/uploads\/2022\/08\/WhatsApp-Image-2022-08-04-at-09.17.50-1024x768.jpeg\" data-amp-layout=\"responsive\"\/><\/figure><\/div><div class=\"tiled-gallery__col\" style=\"flex-basis:36.02579%\"><figure class=\"tiled-gallery__item\"><img decoding=\"async\" srcset=\"https:\/\/i0.wp.com\/osteotherapeute-demaria.com\/wp-content\/uploads\/2022\/08\/WhatsApp-Image-2022-08-04-at-09.17.47-2-768x1024.jpeg?strip=info&#038;w=600 600w,https:\/\/i0.wp.com\/osteotherapeute-demaria.com\/wp-content\/uploads\/2022\/08\/WhatsApp-Image-2022-08-04-at-09.17.47-2-768x1024.jpeg?strip=info&#038;w=900 900w,https:\/\/i0.wp.com\/osteotherapeute-demaria.com\/wp-content\/uploads\/2022\/08\/WhatsApp-Image-2022-08-04-at-09.17.47-2-768x1024.jpeg?strip=info&#038;w=1200 1200w\" alt=\"\" data-height=\"1600\" data-id=\"192\" data-link=\"https:\/\/osteotherapeute-demaria.com\/index.php\/a-propos\/whatsapp-image-2022-08-04-at-09-17-47-2\/\" data-url=\"http:\/\/osteotherapeute-demaria.com\/wp-content\/uploads\/2022\/08\/WhatsApp-Image-2022-08-04-at-09.17.47-2-768x1024.jpeg\" data-width=\"1200\" src=\"https:\/\/i0.wp.com\/osteotherapeute-demaria.com\/wp-content\/uploads\/2022\/08\/WhatsApp-Image-2022-08-04-at-09.17.47-2-768x1024.jpeg\" data-amp-layout=\"responsive\"\/><\/figure><\/div><\/div><div class=\"tiled-gallery__row\"><div class=\"tiled-gallery__col\" style=\"flex-basis:50.79472%\"><figure class=\"tiled-gallery__item\"><img decoding=\"async\" srcset=\"https:\/\/i0.wp.com\/osteotherapeute-demaria.com\/wp-content\/uploads\/2022\/08\/WhatsApp-Image-2022-08-04-at-09.17.49-1024x768.jpeg?strip=info&#038;w=600 600w,https:\/\/i0.wp.com\/osteotherapeute-demaria.com\/wp-content\/uploads\/2022\/08\/WhatsApp-Image-2022-08-04-at-09.17.49-1024x768.jpeg?strip=info&#038;w=900 900w,https:\/\/i0.wp.com\/osteotherapeute-demaria.com\/wp-content\/uploads\/2022\/08\/WhatsApp-Image-2022-08-04-at-09.17.49-1024x768.jpeg?strip=info&#038;w=1200 1200w,https:\/\/i0.wp.com\/osteotherapeute-demaria.com\/wp-content\/uploads\/2022\/08\/WhatsApp-Image-2022-08-04-at-09.17.49-1024x768.jpeg?strip=info&#038;w=1500 1500w,https:\/\/i0.wp.com\/osteotherapeute-demaria.com\/wp-content\/uploads\/2022\/08\/WhatsApp-Image-2022-08-04-at-09.17.49-1024x768.jpeg?strip=info&#038;w=1600 1600w\" alt=\"\" data-height=\"1200\" data-id=\"185\" data-link=\"https:\/\/osteotherapeute-demaria.com\/index.php\/a-propos\/whatsapp-image-2022-08-04-at-09-17-49\/\" data-url=\"http:\/\/osteotherapeute-demaria.com\/wp-content\/uploads\/2022\/08\/WhatsApp-Image-2022-08-04-at-09.17.49-1024x768.jpeg\" data-width=\"1600\" src=\"https:\/\/i0.wp.com\/osteotherapeute-demaria.com\/wp-content\/uploads\/2022\/08\/WhatsApp-Image-2022-08-04-at-09.17.49-1024x768.jpeg\" data-amp-layout=\"responsive\"\/><\/figure><figure class=\"tiled-gallery__item\"><img decoding=\"async\" srcset=\"https:\/\/i0.wp.com\/osteotherapeute-demaria.com\/wp-content\/uploads\/2022\/08\/cabinet-demaria-ostheo-1024x547.png?strip=info&#038;w=600 600w,https:\/\/i0.wp.com\/osteotherapeute-demaria.com\/wp-content\/uploads\/2022\/08\/cabinet-demaria-ostheo-1024x547.png?strip=info&#038;w=900 900w,https:\/\/i0.wp.com\/osteotherapeute-demaria.com\/wp-content\/uploads\/2022\/08\/cabinet-demaria-ostheo-1024x547.png?strip=info&#038;w=1200 1200w,https:\/\/i0.wp.com\/osteotherapeute-demaria.com\/wp-content\/uploads\/2022\/08\/cabinet-demaria-ostheo-1024x547.png?strip=info&#038;w=1500 1500w,https:\/\/i0.wp.com\/osteotherapeute-demaria.com\/wp-content\/uploads\/2022\/08\/cabinet-demaria-ostheo-1024x547.png?strip=info&#038;w=1598 1598w\" alt=\"\" data-height=\"854\" data-id=\"173\" data-link=\"https:\/\/osteotherapeute-demaria.com\/index.php\/a-propos\/cabinet-demaria-ostheo\/\" data-url=\"http:\/\/osteotherapeute-demaria.com\/wp-content\/uploads\/2022\/08\/cabinet-demaria-ostheo-1024x547.png\" data-width=\"1598\" src=\"https:\/\/i0.wp.com\/osteotherapeute-demaria.com\/wp-content\/uploads\/2022\/08\/cabinet-demaria-ostheo-1024x547.png\" data-amp-layout=\"responsive\"\/><\/figure><\/div><div class=\"tiled-gallery__col\" style=\"flex-basis:49.20528%\"><figure class=\"tiled-gallery__item\"><img decoding=\"async\" srcset=\"https:\/\/i0.wp.com\/osteotherapeute-demaria.com\/wp-content\/uploads\/2022\/08\/WhatsApp-Image-2022-08-04-at-09.17.49-1-768x1024.jpeg?strip=info&#038;w=600 600w,https:\/\/i0.wp.com\/osteotherapeute-demaria.com\/wp-content\/uploads\/2022\/08\/WhatsApp-Image-2022-08-04-at-09.17.49-1-768x1024.jpeg?strip=info&#038;w=900 900w,https:\/\/i0.wp.com\/osteotherapeute-demaria.com\/wp-content\/uploads\/2022\/08\/WhatsApp-Image-2022-08-04-at-09.17.49-1-768x1024.jpeg?strip=info&#038;w=1200 1200w\" alt=\"\" data-height=\"1600\" data-id=\"183\" data-link=\"https:\/\/osteotherapeute-demaria.com\/index.php\/a-propos\/whatsapp-image-2022-08-04-at-09-17-49-1\/\" data-url=\"http:\/\/osteotherapeute-demaria.com\/wp-content\/uploads\/2022\/08\/WhatsApp-Image-2022-08-04-at-09.17.49-1-768x1024.jpeg\" data-width=\"1200\" src=\"https:\/\/i0.wp.com\/osteotherapeute-demaria.com\/wp-content\/uploads\/2022\/08\/WhatsApp-Image-2022-08-04-at-09.17.49-1-768x1024.jpeg\" data-amp-layout=\"responsive\"\/><\/figure><\/div><\/div><div class=\"tiled-gallery__row\"><div class=\"tiled-gallery__col\" style=\"flex-basis:53.05365%\"><figure class=\"tiled-gallery__item\"><img decoding=\"async\" srcset=\"https:\/\/i0.wp.com\/osteotherapeute-demaria.com\/wp-content\/uploads\/2022\/08\/WhatsApp-Image-2022-08-04-at-09.17.48-768x1024.jpeg?strip=info&#038;w=600 600w,https:\/\/i0.wp.com\/osteotherapeute-demaria.com\/wp-content\/uploads\/2022\/08\/WhatsApp-Image-2022-08-04-at-09.17.48-768x1024.jpeg?strip=info&#038;w=900 900w,https:\/\/i0.wp.com\/osteotherapeute-demaria.com\/wp-content\/uploads\/2022\/08\/WhatsApp-Image-2022-08-04-at-09.17.48-768x1024.jpeg?strip=info&#038;w=1200 1200w\" alt=\"\" data-height=\"1600\" data-id=\"182\" data-link=\"https:\/\/osteotherapeute-demaria.com\/index.php\/a-propos\/whatsapp-image-2022-08-04-at-09-17-48\/\" data-url=\"http:\/\/osteotherapeute-demaria.com\/wp-content\/uploads\/2022\/08\/WhatsApp-Image-2022-08-04-at-09.17.48-768x1024.jpeg\" data-width=\"1200\" src=\"https:\/\/i0.wp.com\/osteotherapeute-demaria.com\/wp-content\/uploads\/2022\/08\/WhatsApp-Image-2022-08-04-at-09.17.48-768x1024.jpeg\" data-amp-layout=\"responsive\"\/><\/figure><\/div><div class=\"tiled-gallery__col\" style=\"flex-basis:46.94635%\"><figure class=\"tiled-gallery__item\"><img decoding=\"async\" srcset=\"https:\/\/i0.wp.com\/osteotherapeute-demaria.com\/wp-content\/uploads\/2022\/08\/WhatsApp-Image-2022-08-04-at-09.20.02-1-1024x768.jpeg?strip=info&#038;w=600 600w,https:\/\/i0.wp.com\/osteotherapeute-demaria.com\/wp-content\/uploads\/2022\/08\/WhatsApp-Image-2022-08-04-at-09.20.02-1-1024x768.jpeg?strip=info&#038;w=900 900w,https:\/\/i0.wp.com\/osteotherapeute-demaria.com\/wp-content\/uploads\/2022\/08\/WhatsApp-Image-2022-08-04-at-09.20.02-1-1024x768.jpeg?strip=info&#038;w=1200 1200w,https:\/\/i0.wp.com\/osteotherapeute-demaria.com\/wp-content\/uploads\/2022\/08\/WhatsApp-Image-2022-08-04-at-09.20.02-1-1024x768.jpeg?strip=info&#038;w=1500 1500w,https:\/\/i0.wp.com\/osteotherapeute-demaria.com\/wp-content\/uploads\/2022\/08\/WhatsApp-Image-2022-08-04-at-09.20.02-1-1024x768.jpeg?strip=info&#038;w=1600 1600w\" alt=\"\" data-height=\"1200\" data-id=\"189\" data-link=\"https:\/\/osteotherapeute-demaria.com\/index.php\/a-propos\/whatsapp-image-2022-08-04-at-09-20-02-1\/\" data-url=\"http:\/\/osteotherapeute-demaria.com\/wp-content\/uploads\/2022\/08\/WhatsApp-Image-2022-08-04-at-09.20.02-1-1024x768.jpeg\" data-width=\"1600\" src=\"https:\/\/i0.wp.com\/osteotherapeute-demaria.com\/wp-content\/uploads\/2022\/08\/WhatsApp-Image-2022-08-04-at-09.20.02-1-1024x768.jpeg\" data-amp-layout=\"responsive\"\/><\/figure><figure class=\"tiled-gallery__item\"><img decoding=\"async\" srcset=\"https:\/\/i0.wp.com\/osteotherapeute-demaria.com\/wp-content\/uploads\/2022\/08\/WhatsApp-Image-2022-08-04-at-09.20.02-1024x768.jpeg?strip=info&#038;w=600 600w,https:\/\/i0.wp.com\/osteotherapeute-demaria.com\/wp-content\/uploads\/2022\/08\/WhatsApp-Image-2022-08-04-at-09.20.02-1024x768.jpeg?strip=info&#038;w=900 900w,https:\/\/i0.wp.com\/osteotherapeute-demaria.com\/wp-content\/uploads\/2022\/08\/WhatsApp-Image-2022-08-04-at-09.20.02-1024x768.jpeg?strip=info&#038;w=1200 1200w,https:\/\/i0.wp.com\/osteotherapeute-demaria.com\/wp-content\/uploads\/2022\/08\/WhatsApp-Image-2022-08-04-at-09.20.02-1024x768.jpeg?strip=info&#038;w=1500 1500w,https:\/\/i0.wp.com\/osteotherapeute-demaria.com\/wp-content\/uploads\/2022\/08\/WhatsApp-Image-2022-08-04-at-09.20.02-1024x768.jpeg?strip=info&#038;w=1600 1600w\" alt=\"\" data-height=\"1200\" data-id=\"187\" data-link=\"https:\/\/osteotherapeute-demaria.com\/index.php\/a-propos\/whatsapp-image-2022-08-04-at-09-20-02\/\" data-url=\"http:\/\/osteotherapeute-demaria.com\/wp-content\/uploads\/2022\/08\/WhatsApp-Image-2022-08-04-at-09.20.02-1024x768.jpeg\" data-width=\"1600\" src=\"https:\/\/i0.wp.com\/osteotherapeute-demaria.com\/wp-content\/uploads\/2022\/08\/WhatsApp-Image-2022-08-04-at-09.20.02-1024x768.jpeg\" data-amp-layout=\"responsive\"\/><\/figure><\/div><\/div><\/div><\/div><\/div>\n\n\n\n<div style=\"height:25px\" aria-hidden=\"true\" class=\"wp-block-spacer\"><\/div>\n\n\n\n<div class=\"wp-block-cover alignfull has-parallax\" style=\"border-radius:15px;min-height:557px;aspect-ratio:unset;\"><div class=\"wp-block-cover__image-background wp-image-173 has-parallax\" style=\"background-position:50% 50%;background-image:url(https:\/\/osteotherapeute-demaria.com\/wp-content\/uploads\/2022\/08\/cabinet-demaria-ostheo.png)\"><\/div><span aria-hidden=\"true\" class=\"wp-block-cover__background has-background-dim-100 has-background-dim wp-block-cover__gradient-background has-background-gradient\" style=\"background:linear-gradient(135deg,rgb(122,220,180) 0%,rgba(0,209,132,0.51) 100%)\"><\/span><div class=\"wp-block-cover__inner-container is-layout-flow wp-block-cover-is-layout-flow\">\n<div class=\"wp-block-group\"><div class=\"wp-block-group__inner-container is-layout-flow wp-block-group-is-layout-flow\">\n<div style=\"height:25px\" aria-hidden=\"true\" class=\"wp-block-spacer\"><\/div>\n\n\n\n<h2 class=\"wp-block-heading has-text-align-center has-neve-text-color-color has-text-color has-link-color wp-elements-c139720efc8eac1a18ce98c2c3f1ff31\">Le Mirabeau<br>Centre m\u00e9dical et param\u00e9dical<\/h2>\n\n\n\n<p class=\"has-text-align-center\">Zac de l\u2019agavon<br>21, avenue Lamartine, 13170, les pennes Mirabeau<\/p>\n\n\n\n<hr class=\"wp-block-separator has-alpha-channel-opacity\"\/>\n\n\n\n<h2 class=\"wp-block-heading has-text-align-center has-neve-text-color-color has-text-color\" id=\"deuxadresses\">1 Adresse<\/h2>\n\n\n\n<p class=\"has-text-align-center has-neve-text-color-color has-text-color\">R\u00e9servations sur rendez-vous au&nbsp;: <\/p>\n\n\n\n<h2 class=\"wp-block-heading has-text-align-center has-neve-text-color-color has-text-color\">07 65 22 50 83<\/h2>\n\n\n\n<p class=\"has-text-align-center has-neve-link-color-color has-text-color\">DE MARIA Yannick, ost\u00e9oth\u00e9rapeute et kin\u00e9siologue<\/p>\n\n\n\n<div class=\"wp-block-columns is-layout-flex wp-container-core-columns-is-layout-9d6595d7 wp-block-columns-is-layout-flex\">\n<div class=\"wp-block-column is-vertically-aligned-center is-layout-flow wp-block-column-is-layout-flow\">\n<iframe src=\"https:\/\/www.google.com\/maps\/embed?pb=!1m16!1m12!1m3!1d1449.0012678618127!2d5.27692465677709!3d43.41877374097066!2m3!1f0!2f0!3f0!3m2!1i1024!2i768!4f13.1!2m1!1sZac%20de%20l%E2%80%99agavon%20%2021%2C%20avenue%20Lamartine%2C%2013170%2C%20les%C2%A0pennes%C2%A0Mirabeau!5e0!3m2!1sfr!2sfr!4v1757929753883!5m2!1sfr!2sfr\" width=\"600\" height=\"450\" style=\"border:0;\" allowfullscreen=\"\" loading=\"lazy\" referrerpolicy=\"no-referrer-when-downgrade\"><\/iframe>\n<\/div>\n<\/div>\n<\/div><\/div>\n\n\n\n<div style=\"height:100px\" aria-hidden=\"true\" class=\"wp-block-spacer\"><\/div>\n<\/div><\/div>\n\n\n\n<div style=\"height:100px\" aria-hidden=\"true\" class=\"wp-block-spacer\"><\/div>\n","protected":false},"excerpt":{"rendered":"<p>Du Lundi samedi<\/p>\n","protected":false},"author":1,"featured_media":0,"parent":0,"menu_order":0,"comment_status":"closed","ping_status":"closed","template":"","meta":{"neve_meta_sidebar":"","neve_meta_container":"","neve_meta_enable_content_width":"on","neve_meta_content_width":100,"neve_meta_title_alignment":"","neve_meta_author_avatar":"","neve_post_elements_order":"","neve_meta_disable_header":"","neve_meta_disable_footer":"","neve_meta_disable_title":"on","footnotes":""},"class_list":["post-37","page","type-page","status-publish","hentry"],"jetpack_sharing_enabled":true,"_links":{"self":[{"href":"https:\/\/osteotherapeute-demaria.com\/index.php\/wp-json\/wp\/v2\/pages\/37","targetHints":{"allow":["GET"]}}],"collection":[{"href":"https:\/\/osteotherapeute-demaria.com\/index.php\/wp-json\/wp\/v2\/pages"}],"about":[{"href":"https:\/\/osteotherapeute-demaria.com\/index.php\/wp-json\/wp\/v2\/types\/page"}],"author":[{"embeddable":true,"href":"https:\/\/osteotherapeute-demaria.com\/index.php\/wp-json\/wp\/v2\/users\/1"}],"replies":[{"embeddable":true,"href":"https:\/\/osteotherapeute-demaria.com\/index.php\/wp-json\/wp\/v2\/comments?post=37"}],"version-history":[{"count":42,"href":"https:\/\/osteotherapeute-demaria.com\/index.php\/wp-json\/wp\/v2\/pages\/37\/revisions"}],"predecessor-version":[{"id":413,"href":"https:\/\/osteotherapeute-demaria.com\/index.php\/wp-json\/wp\/v2\/pages\/37\/revisions\/413"}],"wp:attachment":[{"href":"https:\/\/osteotherapeute-demaria.com\/index.php\/wp-json\/wp\/v2\/media?parent=37"}],"curies":[{"name":"wp","href":"https:\/\/api.w.org\/{rel}","templated":true}]}}