{"id":337,"date":"2023-02-03T09:18:30","date_gmt":"2023-02-03T08:18:30","guid":{"rendered":"https:\/\/osteotherapeute-demaria.com\/?page_id=337"},"modified":"2023-02-03T09:20:02","modified_gmt":"2023-02-03T08:20:02","slug":"medecine-chinoise","status":"publish","type":"page","link":"https:\/\/osteotherapeute-demaria.com\/index.php\/medecine-chinoise\/","title":{"rendered":"M\u00e9decine chinoise"},"content":{"rendered":"\n<div style=\"height:100px\" aria-hidden=\"true\" class=\"wp-block-spacer\"><\/div>\n\n\n\n<p>M\u00e9decine traditionnelle Chinoise<\/p>\n\n\n\n<p>En se basant sur le principe de r\u00e9\u00e9quilibrage de l\u2019harmonie du corps, la m\u00e9decine chinoise peut en th\u00e9orie aider tous les patients, quelle que soit leur maladie. Son action est cependant particuli\u00e8rement recommand\u00e9e dans quelques domaines :<\/p>\n\n\n\n<p>les maladies et infections des voies respiratoires : sinusite, rhinite, asthme bronchique ;<\/p>\n\n\n\n<p>les maladies du syst\u00e8me digestif : constipation, diarrh\u00e9e, gastrite aigu\u00eb ;<\/p>\n\n\n\n<p>les maladies oculaires :<br>conjonctivite, chorior\u00e9tinopathie centrale, cataracte ;<\/p>\n\n\n\n<p>les douleurs dentaires : gingivite, extraction dentaire ;<\/p>\n\n\n\n<p>les maladies musculaires et osseuses : arthrose, sciatique, lombalgies, paralysie faciale ;<br>les maux de t\u00eate : c\u00e9phal\u00e9es, migraines.<\/p>\n\n\n\n<p>Il est tr\u00e8s difficile d\u2019\u00e9tablir une liste compl\u00e8te des bienfaits reconnus de la m\u00e9decine chinoise.<\/p>\n\n\n\n<div style=\"height:100px\" aria-hidden=\"true\" class=\"wp-block-spacer\"><\/div>\n","protected":false},"excerpt":{"rendered":"<p>M\u00e9decine traditionnelle Chinoise En se basant sur le principe de r\u00e9\u00e9quilibrage de l\u2019harmonie du corps, la m\u00e9decine chinoise peut en th\u00e9orie aider tous les patients, quelle que soit leur maladie. Son action est cependant particuli\u00e8rement recommand\u00e9e dans quelques domaines : les maladies et infections des voies respiratoires : sinusite, rhinite, asthme bronchique ; les maladies&hellip;&nbsp;<a href=\"https:\/\/osteotherapeute-demaria.com\/index.php\/medecine-chinoise\/\" rel=\"bookmark\">Lire la suite &raquo;<span class=\"screen-reader-text\">M\u00e9decine chinoise<\/span><\/a><\/p>\n","protected":false},"author":1,"featured_media":0,"parent":0,"menu_order":0,"comment_status":"closed","ping_status":"closed","template":"","meta":{"neve_meta_sidebar":"","neve_meta_container":"","neve_meta_enable_content_width":"","neve_meta_content_width":0,"neve_meta_title_alignment":"","neve_meta_author_avatar":"","neve_post_elements_order":"","neve_meta_disable_header":"","neve_meta_disable_footer":"","neve_meta_disable_title":"","footnotes":""},"class_list":["post-337","page","type-page","status-publish","hentry"],"jetpack_sharing_enabled":true,"_links":{"self":[{"href":"https:\/\/osteotherapeute-demaria.com\/index.php\/wp-json\/wp\/v2\/pages\/337","targetHints":{"allow":["GET"]}}],"collection":[{"href":"https:\/\/osteotherapeute-demaria.com\/index.php\/wp-json\/wp\/v2\/pages"}],"about":[{"href":"https:\/\/osteotherapeute-demaria.com\/index.php\/wp-json\/wp\/v2\/types\/page"}],"author":[{"embeddable":true,"href":"https:\/\/osteotherapeute-demaria.com\/index.php\/wp-json\/wp\/v2\/users\/1"}],"replies":[{"embeddable":true,"href":"https:\/\/osteotherapeute-demaria.com\/index.php\/wp-json\/wp\/v2\/comments?post=337"}],"version-history":[{"count":3,"href":"https:\/\/osteotherapeute-demaria.com\/index.php\/wp-json\/wp\/v2\/pages\/337\/revisions"}],"predecessor-version":[{"id":340,"href":"https:\/\/osteotherapeute-demaria.com\/index.php\/wp-json\/wp\/v2\/pages\/337\/revisions\/340"}],"wp:attachment":[{"href":"https:\/\/osteotherapeute-demaria.com\/index.php\/wp-json\/wp\/v2\/media?parent=337"}],"curies":[{"name":"wp","href":"https:\/\/api.w.org\/{rel}","templated":true}]}}