{"id":248,"date":"2022-08-17T19:50:06","date_gmt":"2022-08-17T17:50:06","guid":{"rendered":"https:\/\/osteotherapeute-demaria.com\/?page_id=248"},"modified":"2022-08-17T19:50:07","modified_gmt":"2022-08-17T17:50:07","slug":"responsable-de-publication","status":"publish","type":"page","link":"https:\/\/osteotherapeute-demaria.com\/index.php\/responsable-de-publication\/","title":{"rendered":"<strong>Responsable de publication<\/strong>"},"content":{"rendered":"\n<div class=\"wp-block-media-text has-media-on-the-right is-stacked-on-mobile\" style=\"grid-template-columns:auto 15%\"><figure class=\"wp-block-media-text__media\"><img data-recalc-dims=\"1\" loading=\"lazy\" decoding=\"async\" width=\"811\" height=\"1024\" src=\"https:\/\/i0.wp.com\/osteotherapeute-demaria.com\/wp-content\/uploads\/2022\/08\/logook.png?resize=811%2C1024\" alt=\"\" class=\"wp-image-233 size-full\" srcset=\"https:\/\/i0.wp.com\/osteotherapeute-demaria.com\/wp-content\/uploads\/2022\/08\/logook.png?resize=811%2C1024&amp;ssl=1 811w, https:\/\/i0.wp.com\/osteotherapeute-demaria.com\/wp-content\/uploads\/2022\/08\/logook.png?resize=238%2C300&amp;ssl=1 238w, https:\/\/i0.wp.com\/osteotherapeute-demaria.com\/wp-content\/uploads\/2022\/08\/logook.png?resize=768%2C970&amp;ssl=1 768w, https:\/\/i0.wp.com\/osteotherapeute-demaria.com\/wp-content\/uploads\/2022\/08\/logook.png?resize=1216%2C1536&amp;ssl=1 1216w, https:\/\/i0.wp.com\/osteotherapeute-demaria.com\/wp-content\/uploads\/2022\/08\/logook.png?resize=1621%2C2048&amp;ssl=1 1621w, https:\/\/i0.wp.com\/osteotherapeute-demaria.com\/wp-content\/uploads\/2022\/08\/logook.png?w=1828&amp;ssl=1 1828w\" sizes=\"auto, (max-width: 811px) 100vw, 811px\" \/><\/figure><div class=\"wp-block-media-text__content\">\n<p class=\"has-normal-font-size\"><strong>Yannick DE MARIA<br><\/strong><br>4, avenue du 8 mai \u00e0 13 090 <\/p>\n\n\n\n<p class=\"has-normal-font-size\">Aix en Provence.<br>T\u00e9l.\u00a0: 07 65 22 50 83<\/p>\n<\/div><\/div>\n\n\n\n<p><br>Contact\u00a0:<a href=\"mailto:service.informatique@gsbe.fr\">\u00a0yannick@osteotherapeute-demaria.com<\/a><\/p>\n\n\n\n<h3 class=\"wp-block-heading\"><strong>Utilisation du site<\/strong><\/h3>\n\n\n\n<p>Certaines images ou certains enregistrements peuvent \u00eatre pr\u00e9sents sur ce site sans que nous en d\u00e9tenions les droits de reproduction. Nous les retirerons sur simple demande.<\/p>\n\n\n\n<p>Nous vous rappelons que vous disposez d\u2019un droit d\u2019acc\u00e8s, de modification, de rectification et de suppression des donn\u00e9es vous concernant (article 34 de la loi \u00ab\u00a0Informatique et Libert\u00e9s\u00a0\u00bb du 6 janvier 1978). pour exercer ce droit, adressez-vous \u00e0\u00a0<a href=\"mailto:service.informatique@gsbe.fr\">service.informatique@gsbe.fr<\/a><\/p>\n\n\n\n<p>La publication de photos et de textes concernant l\u2019\u00e9tablissement, la vie des \u00e9l\u00e8ves, des enseignants et du personnel a fait l\u2019objet d\u2019une&nbsp;charte multim\u00e9dia&nbsp;sign\u00e9e.<\/p>\n\n\n\n<p>Les textes, images et \u0153uvres pr\u00e9sent\u00e9s sur ce site sont la propri\u00e9t\u00e9 de leurs auteurs respectifs.<\/p>\n\n\n\n<h3 class=\"wp-block-heading\"><strong>H\u00e9bergement et r\u00e9alisation<\/strong><\/h3>\n\n\n\n<p>H\u00e9bergement : OVH<\/p>\n\n\n\n<p>WebMaster :  <a href=\"mailto:service.informatique@gsbe.fr\">COHEN.A<\/a> <\/p>\n\n\n\n<figure class=\"wp-block-image size-full is-resized\"><img data-recalc-dims=\"1\" loading=\"lazy\" decoding=\"async\" src=\"https:\/\/i0.wp.com\/www.gsbe.fr\/wp-content\/uploads\/2021\/12\/Logo-AM-tr-2-1.png?resize=175%2C175&#038;ssl=1\" alt=\"\" class=\"wp-image-4564\" width=\"175\" height=\"175\"\/><\/figure>\n","protected":false},"excerpt":{"rendered":"<p>Yannick DE MARIA4, avenue du 8 mai \u00e0 13 090 Aix en Provence.T\u00e9l.\u00a0: 07 65 22 50 83 Contact\u00a0:\u00a0yannick@osteotherapeute-demaria.com Utilisation du site Certaines images ou certains enregistrements peuvent \u00eatre pr\u00e9sents sur ce site sans que nous en d\u00e9tenions les droits de reproduction. Nous les retirerons sur simple demande. Nous vous rappelons que vous disposez d\u2019un&hellip;&nbsp;<a href=\"https:\/\/osteotherapeute-demaria.com\/index.php\/responsable-de-publication\/\" rel=\"bookmark\">Lire la suite &raquo;<span class=\"screen-reader-text\"><strong>Responsable de publication<\/strong><\/span><\/a><\/p>\n","protected":false},"author":1,"featured_media":0,"parent":0,"menu_order":0,"comment_status":"closed","ping_status":"closed","template":"","meta":{"neve_meta_sidebar":"","neve_meta_container":"","neve_meta_enable_content_width":"","neve_meta_content_width":0,"neve_meta_title_alignment":"","neve_meta_author_avatar":"","neve_post_elements_order":"","neve_meta_disable_header":"","neve_meta_disable_footer":"","neve_meta_disable_title":"","footnotes":""},"class_list":["post-248","page","type-page","status-publish","hentry"],"jetpack_sharing_enabled":true,"_links":{"self":[{"href":"https:\/\/osteotherapeute-demaria.com\/index.php\/wp-json\/wp\/v2\/pages\/248","targetHints":{"allow":["GET"]}}],"collection":[{"href":"https:\/\/osteotherapeute-demaria.com\/index.php\/wp-json\/wp\/v2\/pages"}],"about":[{"href":"https:\/\/osteotherapeute-demaria.com\/index.php\/wp-json\/wp\/v2\/types\/page"}],"author":[{"embeddable":true,"href":"https:\/\/osteotherapeute-demaria.com\/index.php\/wp-json\/wp\/v2\/users\/1"}],"replies":[{"embeddable":true,"href":"https:\/\/osteotherapeute-demaria.com\/index.php\/wp-json\/wp\/v2\/comments?post=248"}],"version-history":[{"count":1,"href":"https:\/\/osteotherapeute-demaria.com\/index.php\/wp-json\/wp\/v2\/pages\/248\/revisions"}],"predecessor-version":[{"id":250,"href":"https:\/\/osteotherapeute-demaria.com\/index.php\/wp-json\/wp\/v2\/pages\/248\/revisions\/250"}],"wp:attachment":[{"href":"https:\/\/osteotherapeute-demaria.com\/index.php\/wp-json\/wp\/v2\/media?parent=248"}],"curies":[{"name":"wp","href":"https:\/\/api.w.org\/{rel}","templated":true}]}}